{"id":474,"date":"2017-05-08T17:29:35","date_gmt":"2017-05-08T17:29:35","guid":{"rendered":"http:\/\/wp.wexdtp.de\/?page_id=474"},"modified":"2017-08-07T17:26:58","modified_gmt":"2017-08-07T17:26:58","slug":"ihr-verein-im-internet","status":"publish","type":"page","link":"http:\/\/wp.wexdtp.de\/?page_id=474","title":{"rendered":"Ihr Verein im Internet"},"content":{"rendered":"<div class=\"wpb-content-wrapper\"><p>[vc_row][vc_column width=&#8220;1\/4&#8243;][vc_single_image image=&#8220;182&#8243; img_size=&#8220;full&#8220; alignment=&#8220;center&#8220;][\/vc_column][vc_column width=&#8220;3\/4&#8243;][vc_column_text]<\/p>\n<h3><strong>Ihr Verein im Internet<\/strong><\/h3>\n<ul>\n<li>Neugestaltung \/ Relaunch Ihrer Vereins-Homepage<\/li>\n<li>pers\u00f6nliche Beratung, ggf. Fotos<\/li>\n<li>Analyse der Link-Struktur (Verein, Abteilungen, News, Terminkalender, \u2026)<\/li>\n<li>Word Press-Installation, Themenanpassung an das Vereins-CI<\/li>\n<li>funktionelles Desing f\u00fcr alle Endger\u00e4te (PC, Tablett, Handy)<\/li>\n<li>h\u00f6here Attraktivit\u00e4t f\u00fcr Ihre Vereinssponsoren<br \/>\n<h3 style=\"text-align: center;\"><strong><br \/>\n2.499,- \u20ac<\/strong><\/h3>\n<\/li>\n<\/ul>\n<p>[\/vc_column_text][\/vc_column][\/vc_row][vc_row][vc_column][vc_separator][vc_column_text]<\/p>\n<h4><strong>Was hei\u00dft das f\u00fcr Sie?<\/strong><\/h4>\n<h5><strong>Sie leisten mit Ihrem Verein einen wichtigen sozialen und kulturellen Beitrag in Ihrem Ort!\u00a0<\/strong><strong>Zeigen Sie es auch und pr\u00e4sentieren Sie Ihren Verein im Web und bei Ihren Drucksachen ansprechend und modern.<\/strong><\/h5>\n<div class=\"\">Ich arbeite schon seit \u00fcber 20 Jahren erfolgreich mit Vereinen und Gemeinden zusammen und kenne die Vereinsarbeit als Aktiver und Mitglied im Vorstand. Ziel war immer, dem\u00a0\u00f6ffentlichen Auftritt ein einheitliches und professionelles Erscheinungsbild zu geben.<br \/>\nAlleine mit Mitgliedsbeitr\u00e4gen sind die laufenden Kosten von z.B. \u00dcbungsleitern kaum mehr zu bestreiten. Material muss angeschafft werden, ein Fest auf finanziell solide F\u00fc\u00dfe gestellt werden, \u2026 Gewinnen Sie daher neue Sponsoren mit einer \u00fcberzeugenden \u00d6ffentlichkeitsarbeit und einem modernen Internetauftritt!<\/div>\n<div class=\"\">Ein Beispiel: \u00dcber 70% aller Besuche im Internet &#8211; besonders von j\u00fcngeren Leuten &#8211; erfolgt mit dem Handy oder dem Tablet.<span class=\"\">\u00a0<\/span><span class=\"\">Ersparen Sie Ihren Besuchern und Mitgliedern das l\u00e4stige Zoomen und pr\u00e4sentieren Sie Ihren Internetauftritt in einem schlanken, modernen und funktionalen Responsive-Design, das problemlos auch auf dem Handy funktioniert.<\/span><\/div>\n<p>Sie bekommen einen <strong>festen<\/strong> Preis um richtig kalkulieren und vergleichen zu k\u00f6nnen! Ich nehme mir Zeit f\u00fcr Sie und wir sehen\u00a0was das richtige\u00a0f\u00fcr Ihren Verein\u00a0ist. Dazu geh\u00f6rt die Analyse Ihrer &#8222;alten&#8220; Homepage und die vern\u00fcnftige Struktur der Seite.<\/p>\n<p>Ich arbeite auf der Basis von Word Press und professionellen WP-Themen, die entsprechend Ihrem<br \/>\nVereins-CI angepasst werden. Ihre neue Homepage ist dadurch immer auf dem aktuellen Stand. Dies erm\u00f6glicht den g\u00fcnstigen Preis\u00a0und nat\u00fcrlich kann die Homepage jederzeit erweitert werden.<\/p>\n<p>Sie haben Lust bekommen und noch Fragen? Dann rufen Sie mich an<strong> 0 61 06 &#8211; 64 71 10<\/strong>\u00a0oder schicken eine E-Mail an: <strong><a href=\"mailto:info@wexdtp.de\" target=\"_blank\" rel=\"noopener noreferrer\">info@wexdtp.de<\/a><\/strong><\/p>\n<p>Und wenn es &#8222;etwas weniger&#8220; sein soll \u2013 sprechen Sie mich an und ich erstelle Ihnen ein individuelles Angebot! Nat\u00fcrlich kann ich in der Folge auch die Pflege Ihrer Homepage \u00fcbernehmen. Sie haben keine Arbeit und alles sieht top aus![\/vc_column_text][vc_separator][\/vc_column][\/vc_row][vc_row][vc_column width=&#8220;1\/2&#8243;][vc_column_text]<\/p>\n<h5 style=\"text-align: left;\"><strong>Umfangreiche Vereins-Homepage<br \/>\n(Festpreis):<\/strong><br \/>\n<strong><a href=\"http:\/\/www.tgoberroden.de\" target=\"_blank\" rel=\"noopener noreferrer\">http:\/\/www.tgoberroden.de<\/a><\/strong><\/h5>\n<p>[\/vc_column_text][vc_single_image image=&#8220;533&#8243; img_size=&#8220;full&#8220; alignment=&#8220;center&#8220; onclick=&#8220;custom_link&#8220; link=&#8220;http:\/\/wp.wexdtp.de\/?page_id=535&#8243;][\/vc_column][vc_column width=&#8220;1\/2&#8243;][vc_column_text]<\/p>\n<h5 style=\"text-align: left;\"><strong>Kleine Homepage (Preis nach Absprache):<\/strong><br \/>\n<strong><a href=\"http:\/\/www.fb-rodgau.de\" target=\"_blank\" rel=\"noopener noreferrer\">http:\/\/www.fb-rodgau.de<\/a><\/strong><\/h5>\n<p>[\/vc_column_text][vc_single_image image=&#8220;280&#8243; img_size=&#8220;full&#8220; alignment=&#8220;center&#8220; onclick=&#8220;custom_link&#8220; link=&#8220;http:\/\/wp.wexdtp.de\/?page_id=270&#8243;][\/vc_column][\/vc_row]<\/p>\n<\/div>","protected":false},"excerpt":{"rendered":"<p>[vc_row][vc_column width=&#8220;1\/4&#8243;][vc_single_image image=&#8220;182&#8243; img_size=&#8220;full&#8220; alignment=&#8220;center&#8220;][\/vc_column][vc_column width=&#8220;3\/4&#8243;][vc_column_text] Ihr Verein im Internet Neugestaltung \/ Relaunch Ihrer Vereins-Homepage pers\u00f6nliche Beratung, ggf. Fotos Analyse der Link-Struktur (Verein, Abteilungen, News, Terminkalender, \u2026) Word Press-Installation, Themenanpassung an das Vereins-CI funktionelles Desing f\u00fcr alle Endger\u00e4te (PC, Tablett, Handy) h\u00f6here Attraktivit\u00e4t f\u00fcr Ihre Vereinssponsoren 2.499,- \u20ac [\/vc_column_text][\/vc_column][\/vc_row][vc_row][vc_column][vc_separator][vc_column_text] Was hei\u00dft das f\u00fcr Sie? Sie <a class=\"more-link\" href=\"http:\/\/wp.wexdtp.de\/?page_id=474\">Weiterlesen&#8230;<\/a><\/p>\n","protected":false},"author":1,"featured_media":0,"parent":0,"menu_order":0,"comment_status":"closed","ping_status":"closed","template":"","meta":{"footnotes":""},"class_list":["post-474","page","type-page","status-publish","hentry"],"aioseo_notices":[],"_links":{"self":[{"href":"http:\/\/wp.wexdtp.de\/index.php?rest_route=\/wp\/v2\/pages\/474","targetHints":{"allow":["GET"]}}],"collection":[{"href":"http:\/\/wp.wexdtp.de\/index.php?rest_route=\/wp\/v2\/pages"}],"about":[{"href":"http:\/\/wp.wexdtp.de\/index.php?rest_route=\/wp\/v2\/types\/page"}],"author":[{"embeddable":true,"href":"http:\/\/wp.wexdtp.de\/index.php?rest_route=\/wp\/v2\/users\/1"}],"replies":[{"embeddable":true,"href":"http:\/\/wp.wexdtp.de\/index.php?rest_route=%2Fwp%2Fv2%2Fcomments&post=474"}],"version-history":[{"count":12,"href":"http:\/\/wp.wexdtp.de\/index.php?rest_route=\/wp\/v2\/pages\/474\/revisions"}],"predecessor-version":[{"id":553,"href":"http:\/\/wp.wexdtp.de\/index.php?rest_route=\/wp\/v2\/pages\/474\/revisions\/553"}],"wp:attachment":[{"href":"http:\/\/wp.wexdtp.de\/index.php?rest_route=%2Fwp%2Fv2%2Fmedia&parent=474"}],"curies":[{"name":"wp","href":"https:\/\/api.w.org\/{rel}","templated":true}]}}